{"id":3610,"date":"2021-04-01T12:11:48","date_gmt":"2021-04-01T12:11:48","guid":{"rendered":"https:\/\/www.amaurigue.com\/?page_id=3610"},"modified":"2021-12-27T09:50:44","modified_gmt":"2021-12-27T09:50:44","slug":"fleur-de-lamaurigue-2020","status":"publish","type":"page","link":"https:\/\/www.amaurigue.com\/fr\/fleur-de-lamaurigue-2020\/","title":{"rendered":"Fleur de l&rsquo;Amaurigue 2020"},"content":{"rendered":"\n<style type=\"text\/css\" data-created_by=\"avia_inline_auto\" id=\"style-css-av-h5ncyp-8a0007f9685eef81c7b575191edf6de4\">\n.flex_column.av-h5ncyp-8a0007f9685eef81c7b575191edf6de4{\nborder-radius:0px 0px 0px 0px;\npadding:0px 0px 0px 0px;\n}\n<\/style>\n<div  class='flex_column av-h5ncyp-8a0007f9685eef81c7b575191edf6de4 av_one_full  avia-builder-el-0  el_before_av_section  avia-builder-el-no-sibling  first no_margin flex_column_div av-zero-column-padding  '     ><style type=\"text\/css\" data-created_by=\"avia_inline_auto\" id=\"style-css-av-gj4j5d-fe7a2474df3d03b35c13fe1c595ce171\">\n.avia-image-container.av-gj4j5d-fe7a2474df3d03b35c13fe1c595ce171 img.avia_image{\nbox-shadow:none;\n}\n.avia-image-container.av-gj4j5d-fe7a2474df3d03b35c13fe1c595ce171 .av-image-caption-overlay-center{\ncolor:#ffffff;\n}\n<\/style>\n<div  class='avia-image-container av-gj4j5d-fe7a2474df3d03b35c13fe1c595ce171 av-styling- avia-align-center  avia-builder-el-1  avia-builder-el-no-sibling '   itemprop=\"image\" itemscope=\"itemscope\" itemtype=\"https:\/\/schema.org\/ImageObject\" ><div class=\"avia-image-container-inner\"><div class=\"avia-image-overlay-wrap\"><img decoding=\"async\" fetchpriority=\"high\" class='wp-image-3624 avia-img-lazy-loading-not-3624 avia_image ' src=\"https:\/\/www.amaurigue.com\/amaurigue\/wp-content\/uploads\/amaurigue-provence-persbericht-img-1-1030x731.jpg\" alt='' title='amaurigue-provence-persbericht-img'  height=\"731\" width=\"1030\"  itemprop=\"thumbnailUrl\" srcset=\"https:\/\/www.amaurigue.com\/amaurigue\/wp-content\/uploads\/amaurigue-provence-persbericht-img-1-1030x731.jpg 1030w, https:\/\/www.amaurigue.com\/amaurigue\/wp-content\/uploads\/amaurigue-provence-persbericht-img-1-300x213.jpg 300w, https:\/\/www.amaurigue.com\/amaurigue\/wp-content\/uploads\/amaurigue-provence-persbericht-img-1-768x545.jpg 768w, https:\/\/www.amaurigue.com\/amaurigue\/wp-content\/uploads\/amaurigue-provence-persbericht-img-1-260x185.jpg 260w, https:\/\/www.amaurigue.com\/amaurigue\/wp-content\/uploads\/amaurigue-provence-persbericht-img-1-705x501.jpg 705w, https:\/\/www.amaurigue.com\/amaurigue\/wp-content\/uploads\/amaurigue-provence-persbericht-img-1.jpg 1500w\" sizes=\"(max-width: 1030px) 100vw, 1030px\" \/><\/div><\/div><\/div><\/div>\n<\/div><\/div><\/div><!-- close content main div --><\/div><\/div><div id='av_section_1'  class='avia-section av-e7qk5t-82687edabf44e30aae20bb5550404187 main_color avia-section-default avia-no-shadow  avia-builder-el-2  el_after_av_one_full  avia-builder-el-last  avia-bg-style-scroll container_wrap sidebar_right'  ><div class='container av-section-cont-open' ><div class='template-page content  av-content-small alpha units'><div class='post-entry post-entry-type-page post-entry-3610'><div class='entry-content-wrapper clearfix'>\n\n<style type=\"text\/css\" data-created_by=\"avia_inline_auto\" id=\"style-css-av-bys1bl-856de2724b35236663d96282b3086f8b\">\n.flex_column.av-bys1bl-856de2724b35236663d96282b3086f8b{\nborder-radius:0px 0px 0px 0px;\npadding:0px 0px 0px 0px;\n}\n<\/style>\n<div  class='flex_column av-bys1bl-856de2724b35236663d96282b3086f8b av_one_full  avia-builder-el-3  el_before_av_one_fifth  avia-builder-el-first  first no_margin flex_column_div av-zero-column-padding  '     ><section  class='av_textblock_section av-bd5sch-9c660390c8060623a293752a870fe0df '   itemscope=\"itemscope\" itemtype=\"https:\/\/schema.org\/CreativeWork\" ><div class='avia_textblock'  itemprop=\"text\" ><h1>Domaine de l&rsquo;Amaurigue launches vintage 2020 ros\u00e9 with a new design of the cuv\u00e9e sp\u00e9ciale Fleur de l&rsquo;Amaurigue.<\/h1>\n<p><strong>\u00a0<\/strong><\/p>\n<p><strong>New design<\/strong><\/p>\n<p>Fleur de l&rsquo;Amaurigue ros\u00e9 was introduced by the de Groot family in 2003 and is named after daughter Fleur. This year the bottle comes in a new design with special bottom and a fresh label. Fleur, together with winemaker Jean Marie Quef, selected a stylish new bottle with a sparkling looking bottom. The transparent label gives the bottle an elegant look, making the pale ros\u00e9 color even more visible.<\/p>\n<p><strong>Fleur ros\u00e9, a wine to celebrate every moment in life<\/strong><\/p>\n<p>The cuv\u00e9e sp\u00e9ciale vintage 2020 is characterized by a beautiful light pale colour. It has an expressive nose, with scents of tropical fruits. The ros\u00e9 is pleasantly concentrated, with in the mouth powerful white peach combined with a touch of strawberry and a hint of spices. The wine has a delicious aftertaste and has its own recognizable Amaurigue style in taste, quality, elegance and balance. It\u2019s a beautiful and aromatic ros\u00e9 that will delight your senses! Enjoy this crispy ros\u00e9 all-year-round, either on its own or as perfect partner with Mediterranean or Oriental cuisine.<\/p>\n<p><strong>\u00a0<\/strong><\/p>\n<p><strong>About Domaine de l\u2019Amaurigue<\/strong><\/p>\n<p>Originally, l\u2019Amaurigue was a farm built in 1786 and the estate consisted of forest. The first vines were planted in the 1940s thanks to the owners at that time, who selected the best varieties to be planted on the best parcels of the estate. Since their arrival in 1998, the De Groot family has completely renovated the living area of the estate and the vineyard respecting the originality of the place. One of the major steps in this historical restructuring of the l\u2019Amaurigue estate was building the modern wine-making cellar. The vineyard covers 47 hectares of vines in the middle of a 155-hectare secluded wooded area. Vines are comfortably wedged into sloping hillsides and facing south and east. The hilly surroundings of the property and its clay-limestone soils allow the Proven\u00e7al grape varieties to fully express their aromas. Grenache, cinsault and carrignan for the ros\u00e9s; syrah and cabernet sauvignon for the reds, rolle and ugni blanc for the whites. Today the wine is distributed in France, the Netherlands, Belgium, Germany, Denmark, Ibiza, US, Canada and Asia.<\/p>\n<p><strong>\u00a0<\/strong><\/p>\n<p><strong>Sustainability<\/strong><\/p>\n<p>The family strives to produce authentic wines of high quality, with respect for the environment and focus on sustainability: strengthening biodiversity and the natural protection of the crops on the estate. For this Amaurigue is awarded with the High Environmental Value Certificate (HVE). HVE covers four key areas: biodiversity conservation, plant protection strategy, management of the use of fertilizer and management of water. Also all wines are vegan.<\/p>\n<p><strong>Awards<\/strong><\/p>\n<p>With its unique terroir, Domaine de l\u2019Amaurigue produces top-quality and award winning Provence wines: like the M\u00e9daille d\u2019Or on the Concours G\u00e9n\u00e9ral Agricole de Paris and gold at the Decanter World Wine Awards in London. The new vintage Fleur ros\u00e9 2020 recently won a golden medal at the Concours Mondial in Brussels.<\/p>\n<p>The cuv\u00e9e sp\u00e9ciale Fleur de l\u2019Amaurigue is available at a selected number of exclusive wine shops and restaurants.<\/p>\n<p><strong>For additional information, <\/strong><a href=\"https:\/\/www.amaurigue.com\/fr\/downloads\/\"><strong>high res images<\/strong><\/a><strong> or interviews please contact Fleur de Groot via <\/strong><a href=\"mailto:fleur@amaurigue.nl\"><strong>fleur@amaurigue.nl<\/strong><\/a><strong> or phone: 06-26318720. <\/strong><\/p>\n<\/div><\/section><\/div>\n<style type=\"text\/css\" data-created_by=\"avia_inline_auto\" id=\"style-css-av-9ks6pd-a9edc788b8c238e8baeab33691869f2b\">\n.flex_column.av-9ks6pd-a9edc788b8c238e8baeab33691869f2b{\nborder-radius:0px 0px 0px 0px;\npadding:0px 0px 0px 0px;\n}\n<\/style>\n<div  class='flex_column av-9ks6pd-a9edc788b8c238e8baeab33691869f2b av_one_fifth  avia-builder-el-5  el_after_av_one_full  el_before_av_one_third  first flex_column_div av-zero-column-padding  column-top-margin'     ><\/div>\n<style type=\"text\/css\" data-created_by=\"avia_inline_auto\" id=\"style-css-av-77mcc1-7760ec5e3486fa8a7fea3149620c9e70\">\n.flex_column.av-77mcc1-7760ec5e3486fa8a7fea3149620c9e70{\nborder-radius:0px 0px 0px 0px;\npadding:0px 0px 0px 0px;\n}\n<\/style>\n<div  class='flex_column av-77mcc1-7760ec5e3486fa8a7fea3149620c9e70 av_one_third  avia-builder-el-6  el_after_av_one_fifth  el_before_av_one_third  flex_column_div av-zero-column-padding  column-top-margin'     ><style type=\"text\/css\" data-created_by=\"avia_inline_auto\" id=\"style-css-av-65dgfl-5336dd8dc78913dd49604666fad92c0b\">\n.avia-image-container.av-65dgfl-5336dd8dc78913dd49604666fad92c0b img.avia_image{\nbox-shadow:none;\n}\n.avia-image-container.av-65dgfl-5336dd8dc78913dd49604666fad92c0b .av-image-caption-overlay-center{\ncolor:#ffffff;\n}\n<\/style>\n<div  class='avia-image-container av-65dgfl-5336dd8dc78913dd49604666fad92c0b av-styling- avia-align-center  avia-builder-el-7  avia-builder-el-no-sibling '   itemprop=\"image\" itemscope=\"itemscope\" itemtype=\"https:\/\/schema.org\/ImageObject\" ><div class=\"avia-image-container-inner\"><div class=\"avia-image-overlay-wrap\"><img decoding=\"async\" fetchpriority=\"high\" class='wp-image-3658 avia-img-lazy-loading-not-3658 avia_image ' src=\"https:\/\/www.amaurigue.com\/amaurigue\/wp-content\/uploads\/amaurigue-provence-persbericht-img-fleur-2.jpg\" alt='' title='amaurigue-provence-persbericht-img-fleur-2'  height=\"764\" width=\"500\"  itemprop=\"thumbnailUrl\" srcset=\"https:\/\/www.amaurigue.com\/amaurigue\/wp-content\/uploads\/amaurigue-provence-persbericht-img-fleur-2.jpg 500w, https:\/\/www.amaurigue.com\/amaurigue\/wp-content\/uploads\/amaurigue-provence-persbericht-img-fleur-2-196x300.jpg 196w, https:\/\/www.amaurigue.com\/amaurigue\/wp-content\/uploads\/amaurigue-provence-persbericht-img-fleur-2-461x705.jpg 461w\" sizes=\"(max-width: 500px) 100vw, 500px\" \/><\/div><\/div><\/div><\/div>\n<style type=\"text\/css\" data-created_by=\"avia_inline_auto\" id=\"style-css-av-41jh41-c3abc092bc9a9d6016d79850ee8ff6ff\">\n.flex_column.av-41jh41-c3abc092bc9a9d6016d79850ee8ff6ff{\nborder-radius:0px 0px 0px 0px;\npadding:0px 0px 0px 0px;\n}\n<\/style>\n<div  class='flex_column av-41jh41-c3abc092bc9a9d6016d79850ee8ff6ff av_one_third  avia-builder-el-8  el_after_av_one_third  avia-builder-el-last  flex_column_div av-zero-column-padding  column-top-margin'     ><style type=\"text\/css\" data-created_by=\"avia_inline_auto\" id=\"style-css-av-26tus1-10eda96a37980f4db3e2527cd9407d16\">\n.avia-image-container.av-26tus1-10eda96a37980f4db3e2527cd9407d16 img.avia_image{\nbox-shadow:none;\n}\n.avia-image-container.av-26tus1-10eda96a37980f4db3e2527cd9407d16 .av-image-caption-overlay-center{\ncolor:#ffffff;\n}\n<\/style>\n<div  class='avia-image-container av-26tus1-10eda96a37980f4db3e2527cd9407d16 av-styling- avia-align-center  avia-builder-el-9  avia-builder-el-no-sibling '   itemprop=\"image\" itemscope=\"itemscope\" itemtype=\"https:\/\/schema.org\/ImageObject\" ><div class=\"avia-image-container-inner\"><div class=\"avia-image-overlay-wrap\"><img decoding=\"async\" fetchpriority=\"high\" class='wp-image-3650 avia-img-lazy-loading-not-3650 avia_image ' src=\"https:\/\/www.amaurigue.com\/amaurigue\/wp-content\/uploads\/amaurigue-provence-persbericht-img-2-1.jpg\" alt='' title='amaurigue-provence-persbericht-img-2'  height=\"764\" width=\"500\"  itemprop=\"thumbnailUrl\" srcset=\"https:\/\/www.amaurigue.com\/amaurigue\/wp-content\/uploads\/amaurigue-provence-persbericht-img-2-1.jpg 500w, https:\/\/www.amaurigue.com\/amaurigue\/wp-content\/uploads\/amaurigue-provence-persbericht-img-2-1-196x300.jpg 196w, https:\/\/www.amaurigue.com\/amaurigue\/wp-content\/uploads\/amaurigue-provence-persbericht-img-2-1-461x705.jpg 461w\" sizes=\"(max-width: 500px) 100vw, 500px\" \/><\/div><\/div><\/div><\/div><\/div><\/div><\/div><!-- close content main div --><\/div><\/div><div id='after_section_1'  class='main_color av_default_container_wrap container_wrap sidebar_right'  ><div class='container av-section-cont-open' ><div class='template-page content  av-content-small alpha units'><div class='post-entry post-entry-type-page post-entry-3610'><div class='entry-content-wrapper clearfix'>\n","protected":false},"excerpt":{"rendered":"","protected":false},"author":2,"featured_media":0,"parent":0,"menu_order":0,"comment_status":"closed","ping_status":"closed","template":"","meta":{"_acf_changed":false,"footnotes":""},"class_list":["post-3610","page","type-page","status-publish","hentry"],"acf":[],"_links":{"self":[{"href":"https:\/\/www.amaurigue.com\/fr\/wp-json\/wp\/v2\/pages\/3610","targetHints":{"allow":["GET"]}}],"collection":[{"href":"https:\/\/www.amaurigue.com\/fr\/wp-json\/wp\/v2\/pages"}],"about":[{"href":"https:\/\/www.amaurigue.com\/fr\/wp-json\/wp\/v2\/types\/page"}],"author":[{"embeddable":true,"href":"https:\/\/www.amaurigue.com\/fr\/wp-json\/wp\/v2\/users\/2"}],"replies":[{"embeddable":true,"href":"https:\/\/www.amaurigue.com\/fr\/wp-json\/wp\/v2\/comments?post=3610"}],"version-history":[{"count":5,"href":"https:\/\/www.amaurigue.com\/fr\/wp-json\/wp\/v2\/pages\/3610\/revisions"}],"predecessor-version":[{"id":3779,"href":"https:\/\/www.amaurigue.com\/fr\/wp-json\/wp\/v2\/pages\/3610\/revisions\/3779"}],"wp:attachment":[{"href":"https:\/\/www.amaurigue.com\/fr\/wp-json\/wp\/v2\/media?parent=3610"}],"curies":[{"name":"wp","href":"https:\/\/api.w.org\/{rel}","templated":true}]}}